{"id":2,"date":"2016-12-02T10:49:47","date_gmt":"2016-12-02T09:49:47","guid":{"rendered":"http:\/\/armelletrouche.com\/blog\/?page_id=2"},"modified":"2024-02-05T19:52:32","modified_gmt":"2024-02-05T18:52:32","slug":"a-propos","status":"publish","type":"page","link":"https:\/\/armelletrouche.com\/blog\/a-propos\/","title":{"rendered":"\u00c0 propos"},"content":{"rendered":"\n<blockquote class=\"wp-block-quote is-layout-flow wp-block-quote-is-layout-flow\">\n<p>Un journal du matin suffira toujours \u00e0 me donner de mes nouvelles : &#8230;<\/p>\n<cite><em>A.B.<\/em><\/cite><\/blockquote>\n\n\n\n<p>Ici un journal, pour ne pas dire un blog, commenc\u00e9 il y a quelques ann\u00e9es et qui h\u00e9site (encore) \u00e0 \u00eatre lu&#8230; Pas de construction logique ni de fil directeur, la r\u00eaverie guidera qui veut entre des projets, des commandes, des aspirations et des souvenirs.<\/p>\n\n\n\n<p><strong>\u00c0 propos<\/strong> &#8211; Apr\u00e8s un bac scientifique, des \u00e9tudes de lettres, d\u2019histoire et d\u2019histoire de l\u2019art, j&rsquo;apprends \u00e0 l\u2019\u00e9cole Camondo l&rsquo;architecture, le design et la communication visuelle. Il me semble aujourd&rsquo;hui que j&rsquo;ai autant \u00e9t\u00e9 form\u00e9e par des rencontres, des lieux, des livres, et la musique bien-s\u00fbr, que par ces longues \u00e9tudes sup\u00e9rieures&#8230; <br>Je d\u00e9bute mon activit\u00e9 professionnelle d\u2019artiste-auteur (Maison des Artistes) en novembre 2000. Cette activit\u00e9 s\u2019articule principalement autour du graphisme ; en parall\u00e8le, je poursuis au long cours une forme de recherche plus artistique et plastique, en d\u00e9veloppant mes propres moyens d\u2019expression. Depuis quelques ann\u00e9es, je m&rsquo;oriente \u00e0 faire pr\u00e9dominer cette dimension artistique dans ma pratique professionnelle.<\/p>\n\n\n\n<p><span class=\"s1\">\u00c0 partir de janvier 2018, j\u2019ai install\u00e9 mon atelier dans des projets d&rsquo;occupation temporaire : aux Grands Voisins<\/span> (<span class=\"s1\">ancien h\u00f4pital Saint Vincent de Paul, Paris 14<sup>e<\/sup>), jusqu&rsquo;en septembre 2020, puis \u00e0 l&rsquo;Espace Voltaire (Paris 11<span class=\"s1\"><sup>e<\/sup><\/span>), de septembre 2020 \u00e0 septembre 2022. <\/span><br><span class=\"s1\">Ces \u00ab\u00a0\u00e9cosyst\u00e8mes\u00a0\u00bb regroupant artistes, associations, entreprises de l\u2019\u00e9conomie sociale et solidaire, mais aussi centres d\u2019h\u00e9bergement d\u2019urgence et accueil pour demandeurs d\u2019asile, ont r\u00e9sonn\u00e9 particuli\u00e8rement  avec une forme d&rsquo;engagement pour et avec les autres que je porte depuis toujours. Outre mon activit\u00e9, j\u2019ai pu participer \u00e0 divers projets collectifs, et plus g\u00e9n\u00e9ralement \u00e0 la dynamique de ces sites &#8211; dont l\u2019\u00e9nergie et l\u2019enthousiasme m\u2019ont permis de r\u00e9inventer ma cr\u00e9ativit\u00e9, et de donner un \u00e9lan plus artistique \u00e0 mon travail ; ceci s&rsquo;est traduit par des projets artistiques, des expositions collectives, des exp\u00e9rimentations d&rsquo;organisation soci\u00e9tale&#8230; et aussi des f\u00eates m\u00e9morables. Je garde de ces lieux une &lsquo;famille&rsquo;, des souvenirs et des exp\u00e9riences qui m&rsquo;ont chang\u00e9e durablement.<\/span><\/p>\n\n\n\n<p>Depuis septembre 2022, j&rsquo;op\u00e8re une r\u00e9orientation de mon activit\u00e9 professionnelle et d\u00e9cide de mettre au premier plan ma pratique de plasticienne ; je valide des hypoth\u00e8ses, d\u00e9couvre des fonctionnements, poursuis mon chemin&#8230; et peut-\u00eatre que l&rsquo;une des phrases de Camus, qui m&rsquo;habite depuis toujours, d\u00e9crit le mieux ce nouvel \u00e9tat : \u00ab\u00a0j&rsquo;ai toujours eu l&rsquo;impression de vivre en haute mer, menac\u00e9, au c\u0153ur d&rsquo;un bonheur royal\u00a0\u00bb.<\/p>\n\n\n\n<figure class=\"wp-block-image size-large\"><img loading=\"lazy\" decoding=\"async\" width=\"1024\" height=\"768\" src=\"https:\/\/armelletrouche.com\/blog\/wp-content\/uploads\/2022\/12\/AT1-1024x768.jpg\" alt=\"\" class=\"wp-image-1412\" srcset=\"https:\/\/armelletrouche.com\/blog\/wp-content\/uploads\/2022\/12\/AT1-1024x768.jpg 1024w, https:\/\/armelletrouche.com\/blog\/wp-content\/uploads\/2022\/12\/AT1-300x225.jpg 300w, https:\/\/armelletrouche.com\/blog\/wp-content\/uploads\/2022\/12\/AT1-768x576.jpg 768w, https:\/\/armelletrouche.com\/blog\/wp-content\/uploads\/2022\/12\/AT1-1536x1152.jpg 1536w, https:\/\/armelletrouche.com\/blog\/wp-content\/uploads\/2022\/12\/AT1-2048x1536.jpg 2048w, https:\/\/armelletrouche.com\/blog\/wp-content\/uploads\/2022\/12\/AT1-1200x900.jpg 1200w\" sizes=\"auto, (max-width: 709px) 85vw, (max-width: 909px) 67vw, (max-width: 1362px) 62vw, 840px\" \/><figcaption class=\"wp-element-caption\">\u00ab\u00a0<em>J&rsquo;aime le mouvement qui d\u00e9place les lignes<\/em>\u00a0\u00bb &#8211; Autoportrait, 2022<\/figcaption><\/figure>\n","protected":false},"excerpt":{"rendered":"<p>Un journal du matin suffira toujours \u00e0 me donner de mes nouvelles : &#8230; A.B. Ici un journal, pour ne pas dire un blog, commenc\u00e9 il y a quelques ann\u00e9es et qui h\u00e9site (encore) \u00e0 \u00eatre lu&#8230; Pas de construction logique ni de fil directeur, la r\u00eaverie guidera qui veut entre des projets, des commandes, &hellip; <a href=\"https:\/\/armelletrouche.com\/blog\/a-propos\/\" class=\"more-link\">Continuer la lecture<span class=\"screen-reader-text\"> de &laquo;&nbsp;\u00c0 propos&nbsp;&raquo;<\/span><\/a><\/p>\n","protected":false},"author":1,"featured_media":0,"parent":0,"menu_order":0,"comment_status":"closed","ping_status":"closed","template":"","meta":{"footnotes":""},"class_list":["post-2","page","type-page","status-publish","hentry"],"_links":{"self":[{"href":"https:\/\/armelletrouche.com\/blog\/wp-json\/wp\/v2\/pages\/2","targetHints":{"allow":["GET"]}}],"collection":[{"href":"https:\/\/armelletrouche.com\/blog\/wp-json\/wp\/v2\/pages"}],"about":[{"href":"https:\/\/armelletrouche.com\/blog\/wp-json\/wp\/v2\/types\/page"}],"author":[{"embeddable":true,"href":"https:\/\/armelletrouche.com\/blog\/wp-json\/wp\/v2\/users\/1"}],"replies":[{"embeddable":true,"href":"https:\/\/armelletrouche.com\/blog\/wp-json\/wp\/v2\/comments?post=2"}],"version-history":[{"count":35,"href":"https:\/\/armelletrouche.com\/blog\/wp-json\/wp\/v2\/pages\/2\/revisions"}],"predecessor-version":[{"id":1589,"href":"https:\/\/armelletrouche.com\/blog\/wp-json\/wp\/v2\/pages\/2\/revisions\/1589"}],"wp:attachment":[{"href":"https:\/\/armelletrouche.com\/blog\/wp-json\/wp\/v2\/media?parent=2"}],"curies":[{"name":"wp","href":"https:\/\/api.w.org\/{rel}","templated":true}]}}